{"id":160,"date":"2021-03-03T07:48:39","date_gmt":"2021-03-03T07:48:39","guid":{"rendered":"https:\/\/mmcbiotech.eu\/arthrodesmol\/?page_id=160"},"modified":"2021-05-11T08:24:52","modified_gmt":"2021-05-11T08:24:52","slug":"producto","status":"publish","type":"page","link":"https:\/\/mmcbiotech.eu\/arthrodesmol\/producto\/","title":{"rendered":"Producto"},"content":{"rendered":"<p>[et_pb_section fb_built=\u00bb1&#8243; fullwidth=\u00bbon\u00bb disabled_on=\u00bbon|off|off\u00bb _builder_version=\u00bb4.6.6&#8243; _module_preset=\u00bbdefault\u00bb custom_css_main_element=\u00bbbackground: rgb(46,76,89);||background: linear-gradient(0deg, rgba(46,76,89,1) 0%, rgba(30,39,47,1) 51%, rgba(46,76,89,1) 100%);\u00bb][et_pb_fullwidth_image src=\u00bbhttps:\/\/mmcbiotech.eu\/arthrodesmol\/wp-content\/uploads\/2021\/03\/tit-2-1.png\u00bb title_text=\u00bbtit-2&#8243; _builder_version=\u00bb4.6.6&#8243; _module_preset=\u00bbdefault\u00bb][\/et_pb_fullwidth_image][\/et_pb_section][et_pb_section fb_built=\u00bb1&#8243; module_id=\u00bb#about\u00bb _builder_version=\u00bb4.6.6&#8243; _module_preset=\u00bbdefault\u00bb][et_pb_row module_id=\u00bbabout\u00bb _builder_version=\u00bb4.6.6&#8243; _module_preset=\u00bbdefault\u00bb][et_pb_column type=\u00bb4_4&#8243; _builder_version=\u00bb4.6.6&#8243; _module_preset=\u00bbdefault\u00bb][et_pb_image src=\u00bbhttps:\/\/mmcbiotech.eu\/arthrodesmol\/wp-content\/uploads\/2021\/03\/arthrodesmol_estuche.jpg\u00bb title_text=\u00bbarthrodesmol_estuche\u00bb align=\u00bbcenter\u00bb _builder_version=\u00bb4.6.6&#8243; _module_preset=\u00bbdefault\u00bb custom_margin=\u00bb||50px||false|false\u00bb][\/et_pb_image][et_pb_text _builder_version=\u00bb4.6.6&#8243; _module_preset=\u00bbdefault\u00bb text_text_color=\u00bb#182b33&#8243; header_text_color=\u00bb#006cb6&#8243; header_3_font=\u00bb|||||||#006cb6|\u00bb header_3_text_align=\u00bbjustify\u00bb header_3_text_color=\u00bb#006cb6&#8243; header_3_font_size=\u00bb34px\u00bb header_3_line_height=\u00bb1.2em\u00bb hover_enabled=\u00bb0&#8243; header_3_text_align_tablet=\u00bbleft\u00bb header_3_text_align_phone=\u00bb\u00bb header_3_text_align_last_edited=\u00bbon|tablet\u00bb header_3_font_size_tablet=\u00bb24px\u00bb header_3_font_size_phone=\u00bb\u00bb header_3_font_size_last_edited=\u00bbon|tablet\u00bb sticky_enabled=\u00bb0&#8243;]<\/p>\n<h3><strong>Arthrodesmol es un tratamiento de <\/strong><strong>3~<\/strong><strong>6 inyecciones que se administra en intervalos de 4 semanas y que proporciona beneficios de hasta 6 meses de duraci\u00f3n.<\/strong><\/h3>\n<p>[\/et_pb_text][et_pb_text _builder_version=\u00bb4.6.6&#8243; _module_preset=\u00bbdefault\u00bb text_text_color=\u00bb#182b33&#8243; header_3_font=\u00bb||||on|||#17252b|\u00bb header_3_text_color=\u00bb#17252b\u00bb header_3_font_size=\u00bb24px\u00bb header_3_line_height=\u00bb1.2em\u00bb]<\/p>\n<h3 class=\"p1\"><span class=\"s1\"><b>Indicaci\u00f3n<\/b><\/span><\/h3>\n<p>El relleno intraarticular de Arthrodesmol est\u00e1 indicado para el tratamiento del dolor en las articulaciones osteoartr\u00edticas y para la mejora de la movilidad articular al reforzar la viscoelasticidad del l\u00edquido sinovial.<\/p>\n<p>[\/et_pb_text][et_pb_text _builder_version=\u00bb4.6.6&#8243; _module_preset=\u00bbdefault\u00bb text_text_color=\u00bb#182b33&#8243; header_3_font=\u00bb||||on|||#17252b|\u00bb header_3_text_color=\u00bb#17252b\u00bb header_3_font_size=\u00bb24px\u00bb header_3_line_height=\u00bb1.2em\u00bb]<\/p>\n<h3 class=\"p1\"><span class=\"s1\"><b>Composici\u00f3n<\/b><\/span><\/h3>\n<p>Hialuronato de sodio (1,5%), Tamp\u00f3n Fosfato Salino, Oligop\u00e9ptido-92, Nonap\u00e9ptido-25, Octap\u00e9ptido-11, Heptap\u00e9ptido-16, Decap\u00e9ptido-23.<\/p>\n<p>[\/et_pb_text][et_pb_text _builder_version=\u00bb4.6.6&#8243; _module_preset=\u00bbdefault\u00bb text_text_color=\u00bb#182b33&#8243; header_3_font=\u00bb||||on|||#17252b|\u00bb header_3_text_color=\u00bb#17252b\u00bb header_3_font_size=\u00bb24px\u00bb header_3_line_height=\u00bb1.2em\u00bb]<\/p>\n<h3 class=\"p1\"><span class=\"s1\"><b>Almacenamiento<\/b><\/span><\/h3>\n<p>Conservar entre 2\u00ba y 25\u00ba alejado de la luz directa del sol. Antes de su uso, comprobar que el envase no presenta indicios de deterioro.<\/p>\n<p>[\/et_pb_text][et_pb_text _builder_version=\u00bb4.6.6&#8243; _module_preset=\u00bbdefault\u00bb text_text_color=\u00bb#182b33&#8243; header_3_font=\u00bb||||on|||#17252b|\u00bb header_3_text_color=\u00bb#17252b\u00bb header_3_font_size=\u00bb24px\u00bb header_3_line_height=\u00bb1.2em\u00bb]<\/p>\n<h3 class=\"p1\"><span class=\"s1\"><b>Envase<\/b><\/span><\/h3>\n<p>1 jeringa precargada, 2 etiquetas de trazabilidad<\/p>\n<p>[\/et_pb_text][et_pb_text _builder_version=\u00bb4.6.6&#8243; _module_preset=\u00bbdefault\u00bb text_text_color=\u00bb#182b33&#8243; header_3_font=\u00bb||||on|||#17252b|\u00bb header_3_text_color=\u00bb#17252b\u00bb header_3_font_size=\u00bb24px\u00bb header_3_line_height=\u00bb1.2em\u00bb]<\/p>\n<h3><strong>Precauciones \/ Dosificaci\u00f3n y efectos adversos<\/strong><\/h3>\n<p>Consultar las instrucciones de uso<\/p>\n<p>[\/et_pb_text][\/et_pb_column][\/et_pb_row][\/et_pb_section]<\/p>\n","protected":false},"excerpt":{"rendered":"<p>[et_pb_section fb_built=\u00bb1&#8243; fullwidth=\u00bbon\u00bb disabled_on=\u00bbon|off|off\u00bb _builder_version=\u00bb4.6.6&#8243; _module_preset=\u00bbdefault\u00bb custom_css_main_element=\u00bbbackground: rgb(46,76,89);||background: linear-gradient(0deg, rgba(46,76,89,1) 0%, rgba(30,39,47,1) 51%, rgba(46,76,89,1) 100%);\u00bb][et_pb_fullwidth_image src=\u00bbhttps:\/\/mmcbiotech.eu\/arthrodesmol\/wp-content\/uploads\/2021\/03\/tit-2-1.png\u00bb title_text=\u00bbtit-2&#8243; _builder_version=\u00bb4.6.6&#8243; _module_preset=\u00bbdefault\u00bb][\/et_pb_fullwidth_image][\/et_pb_section][et_pb_section fb_built=\u00bb1&#8243; module_id=\u00bb#about\u00bb _builder_version=\u00bb4.6.6&#8243; _module_preset=\u00bbdefault\u00bb][et_pb_row module_id=\u00bbabout\u00bb _builder_version=\u00bb4.6.6&#8243; _module_preset=\u00bbdefault\u00bb][et_pb_column type=\u00bb4_4&#8243; _builder_version=\u00bb4.6.6&#8243; _module_preset=\u00bbdefault\u00bb][et_pb_image src=\u00bbhttps:\/\/mmcbiotech.eu\/arthrodesmol\/wp-content\/uploads\/2021\/03\/arthrodesmol_estuche.jpg\u00bb title_text=\u00bbarthrodesmol_estuche\u00bb align=\u00bbcenter\u00bb _builder_version=\u00bb4.6.6&#8243; _module_preset=\u00bbdefault\u00bb custom_margin=\u00bb||50px||false|false\u00bb][\/et_pb_image][et_pb_text _builder_version=\u00bb4.6.6&#8243; _module_preset=\u00bbdefault\u00bb text_text_color=\u00bb#182b33&#8243; header_text_color=\u00bb#006cb6&#8243; header_3_font=\u00bb|||||||#006cb6|\u00bb header_3_text_align=\u00bbjustify\u00bb header_3_text_color=\u00bb#006cb6&#8243; header_3_font_size=\u00bb34px\u00bb header_3_line_height=\u00bb1.2em\u00bb hover_enabled=\u00bb0&#8243; header_3_text_align_tablet=\u00bbleft\u00bb header_3_text_align_phone=\u00bb\u00bb header_3_text_align_last_edited=\u00bbon|tablet\u00bb header_3_font_size_tablet=\u00bb24px\u00bb header_3_font_size_phone=\u00bb\u00bb header_3_font_size_last_edited=\u00bbon|tablet\u00bb sticky_enabled=\u00bb0&#8243;] Arthrodesmol es un [&hellip;]<\/p>\n","protected":false},"author":1,"featured_media":0,"parent":0,"menu_order":2,"comment_status":"closed","ping_status":"closed","template":"","meta":{"_et_pb_use_builder":"on","_et_pb_old_content":"","_et_gb_content_width":"","footnotes":""},"class_list":["post-160","page","type-page","status-publish","hentry"],"_links":{"self":[{"href":"https:\/\/mmcbiotech.eu\/arthrodesmol\/wp-json\/wp\/v2\/pages\/160","targetHints":{"allow":["GET"]}}],"collection":[{"href":"https:\/\/mmcbiotech.eu\/arthrodesmol\/wp-json\/wp\/v2\/pages"}],"about":[{"href":"https:\/\/mmcbiotech.eu\/arthrodesmol\/wp-json\/wp\/v2\/types\/page"}],"author":[{"embeddable":true,"href":"https:\/\/mmcbiotech.eu\/arthrodesmol\/wp-json\/wp\/v2\/users\/1"}],"replies":[{"embeddable":true,"href":"https:\/\/mmcbiotech.eu\/arthrodesmol\/wp-json\/wp\/v2\/comments?post=160"}],"version-history":[{"count":11,"href":"https:\/\/mmcbiotech.eu\/arthrodesmol\/wp-json\/wp\/v2\/pages\/160\/revisions"}],"predecessor-version":[{"id":407,"href":"https:\/\/mmcbiotech.eu\/arthrodesmol\/wp-json\/wp\/v2\/pages\/160\/revisions\/407"}],"wp:attachment":[{"href":"https:\/\/mmcbiotech.eu\/arthrodesmol\/wp-json\/wp\/v2\/media?parent=160"}],"curies":[{"name":"wp","href":"https:\/\/api.w.org\/{rel}","templated":true}]}}